{"id":13,"date":"2024-07-31T12:23:47","date_gmt":"2024-07-31T12:23:47","guid":{"rendered":"https:\/\/juliaszaal.at\/?page_id=13"},"modified":"2025-07-23T14:39:05","modified_gmt":"2025-07-23T13:39:05","slug":"beratung-2","status":"publish","type":"page","link":"https:\/\/juliaszaal.at\/","title":{"rendered":"Home"},"content":{"rendered":"\t\t<div data-elementor-type=\"wp-page\" data-elementor-id=\"13\" class=\"elementor elementor-13\">\n\t\t\t\t<div class=\"elementor-element elementor-element-a917c03 e-grid e-con-boxed e-con e-parent\" data-id=\"a917c03\" data-element_type=\"container\" data-e-type=\"container\" data-settings=\"{&quot;background_background&quot;:&quot;gradient&quot;,&quot;shape_divider_bottom&quot;:&quot;tilt&quot;}\">\n\t\t\t\t\t<div class=\"e-con-inner\">\n\t\t\t\t<div class=\"elementor-shape elementor-shape-bottom\" aria-hidden=\"true\" data-negative=\"false\">\n\t\t\t<svg xmlns=\"http:\/\/www.w3.org\/2000\/svg\" viewBox=\"0 0 1000 100\" preserveAspectRatio=\"none\">\n\t<path class=\"elementor-shape-fill\" d=\"M0,6V0h1000v100L0,6z\"\/>\n<\/svg>\t\t<\/div>\n\t\t\t\t<div class=\"elementor-element elementor-element-715ab35 elementor-widget elementor-widget-image\" data-id=\"715ab35\" data-element_type=\"widget\" data-e-type=\"widget\" data-widget_type=\"image.default\">\n\t\t\t\t<div class=\"elementor-widget-container\">\n\t\t\t\t\t\t\t\t\t\t\t\t\t\t\t<img fetchpriority=\"high\" decoding=\"async\" width=\"300\" height=\"300\" src=\"https:\/\/juliaszaal.at\/wp-content\/uploads\/2025\/04\/Logo-Dunkelgruen_Weiss-300x300.png\" class=\"attachment-medium size-medium wp-image-304\" alt=\"\" srcset=\"https:\/\/juliaszaal.at\/wp-content\/uploads\/2025\/04\/Logo-Dunkelgruen_Weiss-300x300.png 300w, https:\/\/juliaszaal.at\/wp-content\/uploads\/2025\/04\/Logo-Dunkelgruen_Weiss-150x150.png 150w, https:\/\/juliaszaal.at\/wp-content\/uploads\/2025\/04\/Logo-Dunkelgruen_Weiss-768x768.png 768w, https:\/\/juliaszaal.at\/wp-content\/uploads\/2025\/04\/Logo-Dunkelgruen_Weiss-600x600.png 600w, https:\/\/juliaszaal.at\/wp-content\/uploads\/2025\/04\/Logo-Dunkelgruen_Weiss.png 1000w\" sizes=\"(max-width: 300px) 100vw, 300px\" \/>\t\t\t\t\t\t\t\t\t\t\t\t\t\t\t<\/div>\n\t\t\t\t<\/div>\n\t\t\t\t<div class=\"elementor-element elementor-element-c5d59cb elementor-widget elementor-widget-heading\" data-id=\"c5d59cb\" data-element_type=\"widget\" data-e-type=\"widget\" data-widget_type=\"heading.default\">\n\t\t\t\t<div class=\"elementor-widget-container\">\n\t\t\t\t\t<h2 class=\"elementor-heading-title elementor-size-default\">JULIA SZAAL <br>\nPsychosoziale Beratung<br>\nin Ausbildung unter Supervision<\/h2>\t\t\t\t<\/div>\n\t\t\t\t<\/div>\n\t\t\t\t\t<\/div>\n\t\t\t\t<\/div>\n\t\t<div class=\"elementor-element elementor-element-29b4de4 e-flex e-con-boxed e-con e-parent\" data-id=\"29b4de4\" data-element_type=\"container\" data-e-type=\"container\" data-settings=\"{&quot;background_background&quot;:&quot;classic&quot;}\">\n\t\t\t\t\t<div class=\"e-con-inner\">\n\t\t<div class=\"elementor-element elementor-element-96333df e-con-full e-flex e-con e-child\" data-id=\"96333df\" data-element_type=\"container\" data-e-type=\"container\">\n\t\t\t\t<div class=\"elementor-element elementor-element-46d1df5 elementor-widget elementor-widget-image\" data-id=\"46d1df5\" data-element_type=\"widget\" data-e-type=\"widget\" data-widget_type=\"image.default\">\n\t\t\t\t<div class=\"elementor-widget-container\">\n\t\t\t\t\t\t\t\t\t\t\t\t\t\t\t<img decoding=\"async\" width=\"683\" height=\"1024\" src=\"https:\/\/juliaszaal.at\/wp-content\/uploads\/2024\/07\/Szaal_Galerie-16-683x1024.jpg\" class=\"attachment-large size-large wp-image-38\" alt=\"\" srcset=\"https:\/\/juliaszaal.at\/wp-content\/uploads\/2024\/07\/Szaal_Galerie-16-683x1024.jpg 683w, https:\/\/juliaszaal.at\/wp-content\/uploads\/2024\/07\/Szaal_Galerie-16-200x300.jpg 200w, https:\/\/juliaszaal.at\/wp-content\/uploads\/2024\/07\/Szaal_Galerie-16-768x1152.jpg 768w, https:\/\/juliaszaal.at\/wp-content\/uploads\/2024\/07\/Szaal_Galerie-16-1024x1536.jpg 1024w, https:\/\/juliaszaal.at\/wp-content\/uploads\/2024\/07\/Szaal_Galerie-16-1365x2048.jpg 1365w, https:\/\/juliaszaal.at\/wp-content\/uploads\/2024\/07\/Szaal_Galerie-16.jpg 1396w\" sizes=\"(max-width: 683px) 100vw, 683px\" \/>\t\t\t\t\t\t\t\t\t\t\t\t\t\t\t<\/div>\n\t\t\t\t<\/div>\n\t\t\t\t<\/div>\n\t\t<div class=\"elementor-element elementor-element-975ed87 e-con-full e-flex e-con e-child\" data-id=\"975ed87\" data-element_type=\"container\" data-e-type=\"container\">\n\t\t\t\t<div class=\"elementor-element elementor-element-5d07004 elementor-widget elementor-widget-heading\" data-id=\"5d07004\" data-element_type=\"widget\" data-e-type=\"widget\" data-widget_type=\"heading.default\">\n\t\t\t\t<div class=\"elementor-widget-container\">\n\t\t\t\t\t<h2 class=\"elementor-heading-title elementor-size-default\">Psychosoziale Beratung: <\/h2>\t\t\t\t<\/div>\n\t\t\t\t<\/div>\n\t\t\t\t<div class=\"elementor-element elementor-element-48b6780 elementor-widget elementor-widget-heading\" data-id=\"48b6780\" data-element_type=\"widget\" data-e-type=\"widget\" data-widget_type=\"heading.default\">\n\t\t\t\t<div class=\"elementor-widget-container\">\n\t\t\t\t\t<h2 class=\"elementor-heading-title elementor-size-default\">Jeder Mensch erlebt irgendwann Momente des Zweifels, in denen Fragen \u00fcber das Leben und die eigene Situation aufkommen. Oft f\u00fchlen wir uns unzufrieden und w\u00fcnschen uns Ver\u00e4nderung, wissen aber nicht, wie wir diesen Schritt gehen sollen. In solchen Phasen kann es sein, dass wir allein nicht mehr weiterkommen. <br><br>\n\nIn diesen Situationen ist es wertvoll, Unterst\u00fctzung von jemandem zu erhalten, der uns hilft, neue Blickwinkel zu finden, verborgene St\u00e4rken zu erkennen oder einfach nur zuh\u00f6rt.<br><br>\n\nLetztlich sind wir die einzigen, die das Wissen um unser eigenes Leben besitzen. Alle L\u00f6sungen f\u00fcr Ver\u00e4nderungen, die wir uns w\u00fcnschen, sind in uns verborgen. Mit der richtigen Begleitung k\u00f6nnen wir sie (wieder)entdecken.<br>\n\n<\/h2>\t\t\t\t<\/div>\n\t\t\t\t<\/div>\n\t\t\t\t<\/div>\n\t\t\t\t\t<\/div>\n\t\t\t\t<\/div>\n\t\t<div class=\"elementor-element elementor-element-6a4638e e-flex e-con-boxed e-con e-parent\" data-id=\"6a4638e\" data-element_type=\"container\" data-e-type=\"container\" data-settings=\"{&quot;background_background&quot;:&quot;classic&quot;}\">\n\t\t\t\t\t<div class=\"e-con-inner\">\n\t\t\t\t<div class=\"elementor-element elementor-element-c0884e2 elementor-align-center elementor-widget elementor-widget-button\" data-id=\"c0884e2\" data-element_type=\"widget\" data-e-type=\"widget\" data-widget_type=\"button.default\">\n\t\t\t\t<div class=\"elementor-widget-container\">\n\t\t\t\t\t\t\t\t\t<div class=\"elementor-button-wrapper\">\n\t\t\t\t\t<a class=\"elementor-button elementor-button-link elementor-size-sm\" href=\"https:\/\/juliaszaal.at\/index.php\/kontakt\/\" target=\"_blank\" id=\"Erstgespr\u00e4ch\">\n\t\t\t\t\t\t<span class=\"elementor-button-content-wrapper\">\n\t\t\t\t\t\t\t\t\t<span class=\"elementor-button-text\">Erstgespr\u00e4ch buchen<\/span>\n\t\t\t\t\t<\/span>\n\t\t\t\t\t<\/a>\n\t\t\t\t<\/div>\n\t\t\t\t\t\t\t\t<\/div>\n\t\t\t\t<\/div>\n\t\t\t\t\t<\/div>\n\t\t\t\t<\/div>\n\t\t<div class=\"elementor-element elementor-element-640e6f1 e-flex e-con-boxed e-con e-parent\" data-id=\"640e6f1\" data-element_type=\"container\" data-e-type=\"container\">\n\t\t\t\t\t<div class=\"e-con-inner\">\n\t\t<div class=\"elementor-element elementor-element-67abe60 e-con-full e-flex e-con e-child\" data-id=\"67abe60\" data-element_type=\"container\" data-e-type=\"container\" data-settings=\"{&quot;background_background&quot;:&quot;gradient&quot;}\">\n\t\t\t\t<div class=\"elementor-element elementor-element-726b2ff elementor-widget elementor-widget-text-editor\" data-id=\"726b2ff\" data-element_type=\"widget\" data-e-type=\"widget\" data-widget_type=\"text-editor.default\">\n\t\t\t\t<div class=\"elementor-widget-container\">\n\t\t\t\t\t\t\t\t\t<p style=\"text-align: left;\">Julia Szaal<br \/>Psychosoziale Beratung in Ausbildung unter Supervision<\/p><h6><span style=\"color: #e6e1d2;\"><b>\u2709 \u00a0<\/b><a style=\"color: #e6e1d2;\" href=\"mailto:julia@szaal.at\" target=\"_blank\" rel=\"noopener\">julia@szaal.at<\/a><\/span><br \/><span style=\"color: #e6e1d2;\">\ud83d\udcde <a style=\"color: #e6e1d2;\" href=\"tel:00436643934229\" target=\"_blank\" rel=\"noopener\">+43 (0) 664 39 34 229<\/a><br \/>\ud83d\udccd 1060 Wien \/ Online<\/span><\/h6>\t\t\t\t\t\t\t\t<\/div>\n\t\t\t\t<\/div>\n\t\t\t\t<div class=\"elementor-element elementor-element-e4a05b2 elementor-widget elementor-widget-text-editor\" data-id=\"e4a05b2\" data-element_type=\"widget\" data-e-type=\"widget\" data-widget_type=\"text-editor.default\">\n\t\t\t\t<div class=\"elementor-widget-container\">\n\t\t\t\t\t\t\t\t\t<div id=\"footer-bottom-menu\" class=\"navigation clr\"><br \/><div class=\"menu-footers-container\" style=\"text-align: left;\"><p style=\"text-align: right;\"><span style=\"color: #959d8d;\">\u00a0 \u00a0 \u00a0 \u00a0 \u00a0 \u00a0 \u00a0 \u00a0 \u00a0 \u00a0 \u00a0 \u00a0 \u00a0 \u00a0 \u00a0 \u00a0 \u00a0 \u00a0 \u00a0 \u00a0 \u00a0 \u00a0 \u00a0 \u00a0 \u00a0 \u00a0 \u00a0 \u00a0 \u00a0 \u00a0 \u00a0 \u00a0 \u00a0 \u00a0 \u00a0 \u00a0 \u00a0 \u00a0 \u00a0 \u00a0 \u00a0 \u00a0 \u00a0 \u00a0 \u00a0 \u00a0 \u00a0 \u00a0 \u00a0 \u00a0 \u00a0 \u00a0 \u00a0 \u00a0 \u00a0 \u00a0 \u00a0 \u00a0 \u00a0 \u00a0 \u00a0 \u00a0 \u00a0 \u00a0 \u00a0 \u00a0 \u00a0 \u00a0 \u00a0 \u00a0 \u00a0 \u00a0 \u00a0 \u00a0 \u00a0 \u00a0 \u00a0 \u00a0 \u00a0 \u00a0 \u00a0 \u00a0 \u00a0 \u00a0 \u00a0 \u00a0 \u00a0 \u00a0 \u00a0 \u00a0 \u00a0 \u00a0 \u00a0 \u00a0 \u00a0 \u00a0 \u00a0 \u00a0<\/span><span style=\"color: #e6e1d2;\"><a style=\"color: #e6e1d2;\" href=\"https:\/\/juliaszaal.at\/index.php\/datenschutz\/\">Impressum &amp; Datenschutzerkl\u00e4rung<\/a><\/span><\/p><\/div><\/div>\t\t\t\t\t\t\t\t<\/div>\n\t\t\t\t<\/div>\n\t\t\t\t<div class=\"elementor-element elementor-element-600c4cc elementor-widget elementor-widget-text-editor\" data-id=\"600c4cc\" data-element_type=\"widget\" data-e-type=\"widget\" data-widget_type=\"text-editor.default\">\n\t\t\t\t<div class=\"elementor-widget-container\">\n\t\t\t\t\t\t\t\t\t<div id=\"footer-bottom-menu\" class=\"navigation clr\"><div class=\"menu-footers-container\"><p><span style=\"color: #959d8d;\">\u00a9 2025 Julia Szaal \u00a0 \u00a0 \u00a0 \u00a0 \u00a0 \u00a0 \u00a0 \u00a0 \u00a0 \u00a0 \u00a0 \u00a0 \u00a0 \u00a0 \u00a0 \u00a0 \u00a0 \u00a0 \u00a0 \u00a0 \u00a0 \u00a0 \u00a0 \u00a0 \u00a0 \u00a0 \u00a0 \u00a0 \u00a0 \u00a0 \u00a0 \u00a0 \u00a0 \u00a0 \u00a0 \u00a0 \u00a0 \u00a0 \u00a0 \u00a0 \u00a0 \u00a0 \u00a0 \u00a0 \u00a0 \u00a0 \u00a0 \u00a0 \u00a0 \u00a0 \u00a0 \u00a0 \u00a0 \u00a0 \u00a0 \u00a0 \u00a0 \u00a0 \u00a0 \u00a0 \u00a0 \u00a0 \u00a0 \u00a0 \u00a0 \u00a0 \u00a0 \u00a0 \u00a0 \u00a0 \u00a0 \u00a0 \u00a0 \u00a0 \u00a0 \u00a0 \u00a0 \u00a0 \u00a0 \u00a0 \u00a0 \u00a0 \u00a0 \u00a0 \u00a0 \u00a0 \u00a0 \u00a0 \u00a0 \u00a0 \u00a0 \u00a0 \u00a0 \u00a0 \u00a0 \u00a0 \u00a0\u00a0<\/span><\/p><\/div><\/div>\t\t\t\t\t\t\t\t<\/div>\n\t\t\t\t<\/div>\n\t\t\t\t<\/div>\n\t\t\t\t\t<\/div>\n\t\t\t\t<\/div>\n\t\t\t\t<\/div>\n\t\t","protected":false},"excerpt":{"rendered":"<p>JULIA SZAAL Psychosoziale Beratung in Ausbildung unter Supervision Psychosoziale Beratung: Jeder Mensch erlebt irgendwann Momente des Zweifels, in denen Fragen \u00fcber das Leben und die eigene Situation aufkommen. Oft f\u00fchlen wir uns unzufrieden und w\u00fcnschen uns Ver\u00e4nderung, wissen aber nicht, wie wir diesen Schritt gehen sollen. In solchen Phasen kann es sein, dass wir allein [&hellip;]<\/p>\n","protected":false},"author":1,"featured_media":0,"parent":0,"menu_order":0,"comment_status":"closed","ping_status":"closed","template":"","meta":{"ocean_post_layout":"full-screen","ocean_both_sidebars_style":"","ocean_both_sidebars_content_width":0,"ocean_both_sidebars_sidebars_width":0,"ocean_sidebar":"","ocean_second_sidebar":"","ocean_disable_margins":"enable","ocean_add_body_class":"","ocean_shortcode_before_top_bar":"","ocean_shortcode_after_top_bar":"","ocean_shortcode_before_header":"","ocean_shortcode_after_header":"","ocean_has_shortcode":"","ocean_shortcode_after_title":"","ocean_shortcode_before_footer_widgets":"","ocean_shortcode_after_footer_widgets":"","ocean_shortcode_before_footer_bottom":"","ocean_shortcode_after_footer_bottom":"","ocean_display_top_bar":"off","ocean_display_header":"default","ocean_header_style":"","ocean_center_header_left_menu":"","ocean_custom_header_template":"","ocean_custom_logo":0,"ocean_custom_retina_logo":0,"ocean_custom_logo_max_width":0,"ocean_custom_logo_tablet_max_width":0,"ocean_custom_logo_mobile_max_width":0,"ocean_custom_logo_max_height":0,"ocean_custom_logo_tablet_max_height":0,"ocean_custom_logo_mobile_max_height":0,"ocean_header_custom_menu":"","ocean_menu_typo_font_family":"","ocean_menu_typo_font_subset":"","ocean_menu_typo_font_size":0,"ocean_menu_typo_font_size_tablet":0,"ocean_menu_typo_font_size_mobile":0,"ocean_menu_typo_font_size_unit":"px","ocean_menu_typo_font_weight":"","ocean_menu_typo_font_weight_tablet":"","ocean_menu_typo_font_weight_mobile":"","ocean_menu_typo_transform":"","ocean_menu_typo_transform_tablet":"","ocean_menu_typo_transform_mobile":"","ocean_menu_typo_line_height":0,"ocean_menu_typo_line_height_tablet":0,"ocean_menu_typo_line_height_mobile":0,"ocean_menu_typo_line_height_unit":"","ocean_menu_typo_spacing":0,"ocean_menu_typo_spacing_tablet":0,"ocean_menu_typo_spacing_mobile":0,"ocean_menu_typo_spacing_unit":"","ocean_menu_link_color":"","ocean_menu_link_color_hover":"","ocean_menu_link_color_active":"","ocean_menu_link_background":"","ocean_menu_link_hover_background":"","ocean_menu_link_active_background":"","ocean_menu_social_links_bg":"","ocean_menu_social_hover_links_bg":"","ocean_menu_social_links_color":"","ocean_menu_social_hover_links_color":"","ocean_disable_title":"on","ocean_disable_heading":"default","ocean_post_title":"","ocean_post_subheading":"","ocean_post_title_style":"","ocean_post_title_background_color":"","ocean_post_title_background":0,"ocean_post_title_bg_image_position":"","ocean_post_title_bg_image_attachment":"","ocean_post_title_bg_image_repeat":"","ocean_post_title_bg_image_size":"","ocean_post_title_height":0,"ocean_post_title_bg_overlay":0.5,"ocean_post_title_bg_overlay_color":"","ocean_disable_breadcrumbs":"default","ocean_breadcrumbs_color":"","ocean_breadcrumbs_separator_color":"","ocean_breadcrumbs_links_color":"","ocean_breadcrumbs_links_hover_color":"","ocean_display_footer_widgets":"off","ocean_display_footer_bottom":"off","ocean_custom_footer_template":"","footnotes":""},"class_list":["post-13","page","type-page","status-publish","hentry","entry"],"_links":{"self":[{"href":"https:\/\/juliaszaal.at\/index.php\/wp-json\/wp\/v2\/pages\/13","targetHints":{"allow":["GET"]}}],"collection":[{"href":"https:\/\/juliaszaal.at\/index.php\/wp-json\/wp\/v2\/pages"}],"about":[{"href":"https:\/\/juliaszaal.at\/index.php\/wp-json\/wp\/v2\/types\/page"}],"author":[{"embeddable":true,"href":"https:\/\/juliaszaal.at\/index.php\/wp-json\/wp\/v2\/users\/1"}],"replies":[{"embeddable":true,"href":"https:\/\/juliaszaal.at\/index.php\/wp-json\/wp\/v2\/comments?post=13"}],"version-history":[{"count":80,"href":"https:\/\/juliaszaal.at\/index.php\/wp-json\/wp\/v2\/pages\/13\/revisions"}],"predecessor-version":[{"id":679,"href":"https:\/\/juliaszaal.at\/index.php\/wp-json\/wp\/v2\/pages\/13\/revisions\/679"}],"wp:attachment":[{"href":"https:\/\/juliaszaal.at\/index.php\/wp-json\/wp\/v2\/media?parent=13"}],"curies":[{"name":"wp","href":"https:\/\/api.w.org\/{rel}","templated":true}]}}