{"id":64,"date":"2024-08-08T15:21:10","date_gmt":"2024-08-08T15:21:10","guid":{"rendered":"https:\/\/juliaszaal.at\/?page_id=64"},"modified":"2025-07-23T14:48:07","modified_gmt":"2025-07-23T13:48:07","slug":"ueber-mich","status":"publish","type":"page","link":"https:\/\/juliaszaal.at\/index.php\/ueber-mich\/","title":{"rendered":"\u00dcber mich"},"content":{"rendered":"\t\t<div data-elementor-type=\"wp-page\" data-elementor-id=\"64\" class=\"elementor elementor-64\">\n\t\t\t\t<div class=\"elementor-element elementor-element-8240fe0 e-con-full e-flex e-con e-parent\" data-id=\"8240fe0\" data-element_type=\"container\" data-e-type=\"container\">\n\t\t<div class=\"elementor-element elementor-element-55ae3ec e-con-full e-flex e-con e-child\" data-id=\"55ae3ec\" data-element_type=\"container\" data-e-type=\"container\">\n\t\t\t\t<div class=\"elementor-element elementor-element-6febac6 elementor-widget elementor-widget-image\" data-id=\"6febac6\" data-element_type=\"widget\" data-e-type=\"widget\" data-widget_type=\"image.default\">\n\t\t\t\t<div class=\"elementor-widget-container\">\n\t\t\t\t\t\t\t\t\t\t\t\t\t\t\t<img fetchpriority=\"high\" decoding=\"async\" width=\"621\" height=\"943\" src=\"https:\/\/juliaszaal.at\/wp-content\/uploads\/2025\/06\/JuliaSzaalGespraech.jpg\" class=\"attachment-large size-large wp-image-644\" alt=\"\" srcset=\"https:\/\/juliaszaal.at\/wp-content\/uploads\/2025\/06\/JuliaSzaalGespraech.jpg 621w, https:\/\/juliaszaal.at\/wp-content\/uploads\/2025\/06\/JuliaSzaalGespraech-198x300.jpg 198w\" sizes=\"(max-width: 621px) 100vw, 621px\" \/>\t\t\t\t\t\t\t\t\t\t\t\t\t\t\t<\/div>\n\t\t\t\t<\/div>\n\t\t\t\t<\/div>\n\t\t<div class=\"elementor-element elementor-element-50ff3d4 e-con-full e-flex e-con e-child\" data-id=\"50ff3d4\" data-element_type=\"container\" data-e-type=\"container\">\n\t\t\t\t<div class=\"elementor-element elementor-element-ffa6c3e elementor-widget__width-initial elementor-widget-mobile__width-initial elementor-widget elementor-widget-text-editor\" data-id=\"ffa6c3e\" data-element_type=\"widget\" data-e-type=\"widget\" data-widget_type=\"text-editor.default\">\n\t\t\t\t<div class=\"elementor-widget-container\">\n\t\t\t\t\t\t\t\t\t<p>\u00a0<\/p><p>Mein Name ist Julia Szaal und ich befinde mich in der Ausbildung zur psychosozialen Beraterin unter Superversion (Institut: \u00d6AGG &#8211; \u00d6sterreichischer Arbeitskreis f\u00fcr Gruppentherapie und Gruppendynamik).\u00a0Mein Wunsch ist es, Menschen auf ihrem Weg zu mehr Klarheit, Selbstvertrauen und Wohlbefinden zu begleiten.<\/p><p>In meiner Arbeit lege ich gro\u00dfen Wert auf Authentizit\u00e4t und Ehrlichkeit. Ich begegne meinen Klientinnen und Klienten mit Offenheit, Warmherzigkeit und Empathie, denn ich bin \u00fcberzeugt, dass eine vertrauensvolle Atmosph\u00e4re die Basis f\u00fcr pers\u00f6nliche Entwicklung ist. Verl\u00e4sslichkeit, Loyalit\u00e4t und Sinn f\u00fcr Humor sind dabei wesentliche Bestandteile meines Ansatzes.<\/p><p>Mein Ziel ist es, einen sicheren Raum zu schaffen, in dem Sie sich verstanden und wertgesch\u00e4tzt f\u00fchlen. Mit Einf\u00fchlungsverm\u00f6gen und einem l\u00f6sungsorientierten Blick unterst\u00fctze ich Sie dabei, neue Perspektiven zu entwickeln und Ihren individuellen Weg mit mehr Leichtigkeit und Selbstsicherheit zu gehen.<\/p><p>Ich freue mich darauf, Sie kennenzulernen!<\/p>\t\t\t\t\t\t\t\t<\/div>\n\t\t\t\t<\/div>\n\t\t\t\t<\/div>\n\t\t\t\t<\/div>\n\t\t<div class=\"elementor-element elementor-element-bf44f57 e-flex e-con-boxed e-con e-parent\" data-id=\"bf44f57\" data-element_type=\"container\" data-e-type=\"container\">\n\t\t\t\t\t<div class=\"e-con-inner\">\n\t\t\t\t<div class=\"elementor-element elementor-element-f9c35d1 elementor-align-center elementor-widget elementor-widget-button\" data-id=\"f9c35d1\" data-element_type=\"widget\" data-e-type=\"widget\" data-widget_type=\"button.default\">\n\t\t\t\t<div class=\"elementor-widget-container\">\n\t\t\t\t\t\t\t\t\t<div class=\"elementor-button-wrapper\">\n\t\t\t\t\t<a class=\"elementor-button elementor-button-link elementor-size-sm\" href=\"https:\/\/juliaszaal.at\/index.php\/kontakt\/\">\n\t\t\t\t\t\t<span class=\"elementor-button-content-wrapper\">\n\t\t\t\t\t\t\t\t\t<span class=\"elementor-button-text\">Erstgespr\u00e4ch buchen<\/span>\n\t\t\t\t\t<\/span>\n\t\t\t\t\t<\/a>\n\t\t\t\t<\/div>\n\t\t\t\t\t\t\t\t<\/div>\n\t\t\t\t<\/div>\n\t\t\t\t\t<\/div>\n\t\t\t\t<\/div>\n\t\t<div class=\"elementor-element elementor-element-a44f9db e-con-full e-flex e-con e-parent\" data-id=\"a44f9db\" data-element_type=\"container\" data-e-type=\"container\">\n\t\t<div class=\"elementor-element elementor-element-d90e14f e-con-full e-flex e-con e-child\" data-id=\"d90e14f\" data-element_type=\"container\" data-e-type=\"container\">\n\t\t<div class=\"elementor-element elementor-element-cd751f5 e-con-full e-flex e-con e-child\" data-id=\"cd751f5\" data-element_type=\"container\" data-e-type=\"container\" data-settings=\"{&quot;background_background&quot;:&quot;classic&quot;}\">\n\t\t\t\t<div class=\"elementor-element elementor-element-39ced83 elementor-widget elementor-widget-text-editor\" data-id=\"39ced83\" data-element_type=\"widget\" data-e-type=\"widget\" data-widget_type=\"text-editor.default\">\n\t\t\t\t<div class=\"elementor-widget-container\">\n\t\t\t\t\t\t\t\t\t<p style=\"text-align: left;\">Julia Szaal<br \/>Psychosoziale Beratung in Ausbildung unter Supervision<\/p><p><b>\u2709<\/b> \u00a0<span style=\"color: #6c7463;\"><a style=\"color: #6c7463;\" href=\"mailto:julia@szaal.at\" target=\"_blank\" rel=\"noopener\">julia@szaal.at<\/a><\/span><br \/><span style=\"color: #6c7463;\">\ud83d\udcde <a style=\"color: #6c7463;\" href=\"tel:00436643934229\" target=\"_blank\" rel=\"noopener\">+43 (0) 664 39 34 229<\/a><br \/><span style=\"color: #e6e1d2;\">\ud83d\udccd <span style=\"color: #6c7463;\">1060 Wien \/ Online<\/span><\/span><br \/><\/span><\/p>\t\t\t\t\t\t\t\t<\/div>\n\t\t\t\t<\/div>\n\t\t\t\t<div class=\"elementor-element elementor-element-907a508 elementor-widget elementor-widget-text-editor\" data-id=\"907a508\" data-element_type=\"widget\" data-e-type=\"widget\" data-widget_type=\"text-editor.default\">\n\t\t\t\t<div class=\"elementor-widget-container\">\n\t\t\t\t\t\t\t\t\t<div id=\"footer-bottom-menu\" class=\"navigation clr\"><div class=\"menu-footers-container\" style=\"text-align: left;\"><p style=\"text-align: right;\"><span style=\"color: #959d8d;\">\u00a0 \u00a0 \u00a0 \u00a0 \u00a0 \u00a0 \u00a0 \u00a0 \u00a0 \u00a0 \u00a0 \u00a0 \u00a0 \u00a0 \u00a0 \u00a0 \u00a0 \u00a0 \u00a0 \u00a0 \u00a0 \u00a0 \u00a0 \u00a0 \u00a0 \u00a0 \u00a0 \u00a0 \u00a0 \u00a0 \u00a0 \u00a0 \u00a0 \u00a0 \u00a0 \u00a0 \u00a0 \u00a0 \u00a0 \u00a0 \u00a0 \u00a0 \u00a0 \u00a0 \u00a0 \u00a0 \u00a0 \u00a0 \u00a0 \u00a0 \u00a0 \u00a0 \u00a0 \u00a0 \u00a0 \u00a0 \u00a0 \u00a0 \u00a0 \u00a0 \u00a0 \u00a0 \u00a0 \u00a0 \u00a0 \u00a0 \u00a0 \u00a0 \u00a0 \u00a0 \u00a0 \u00a0 \u00a0 \u00a0 \u00a0 \u00a0 \u00a0 \u00a0 \u00a0 \u00a0 \u00a0 \u00a0 \u00a0 \u00a0 \u00a0 \u00a0 \u00a0 \u00a0 \u00a0 \u00a0 \u00a0 \u00a0 \u00a0 \u00a0 \u00a0 \u00a0 \u00a0 \u00a0<\/span><a style=\"color: #959d8d;\" href=\"https:\/\/juliaszaal.at\/index.php\/datenschutz\/\">Impressum &amp; Datenschutzerkl\u00e4rung<\/a><\/p><\/div><\/div>\t\t\t\t\t\t\t\t<\/div>\n\t\t\t\t<\/div>\n\t\t\t\t<div class=\"elementor-element elementor-element-2faa1e5 elementor-widget elementor-widget-text-editor\" data-id=\"2faa1e5\" data-element_type=\"widget\" data-e-type=\"widget\" data-widget_type=\"text-editor.default\">\n\t\t\t\t<div class=\"elementor-widget-container\">\n\t\t\t\t\t\t\t\t\t<div id=\"footer-bottom-menu\" class=\"navigation clr\"><div class=\"menu-footers-container\"><p><span style=\"color: #959d8d;\">\u00a9 2025 Julia Szaal \u00a0 \u00a0 \u00a0 \u00a0 \u00a0 \u00a0 \u00a0 \u00a0 \u00a0 \u00a0 \u00a0 \u00a0 \u00a0 \u00a0 \u00a0 \u00a0 \u00a0 \u00a0 \u00a0 \u00a0 \u00a0 \u00a0 \u00a0 \u00a0 \u00a0 \u00a0 \u00a0 \u00a0 \u00a0 \u00a0 \u00a0 \u00a0 \u00a0 \u00a0 \u00a0 \u00a0 \u00a0 \u00a0 \u00a0 \u00a0 \u00a0 \u00a0 \u00a0 \u00a0 \u00a0 \u00a0 \u00a0 \u00a0 \u00a0 \u00a0 \u00a0 \u00a0 \u00a0 \u00a0 \u00a0 \u00a0 \u00a0 \u00a0 \u00a0 \u00a0 \u00a0 \u00a0 \u00a0 \u00a0 \u00a0 \u00a0 \u00a0 \u00a0 \u00a0 \u00a0 \u00a0 \u00a0 \u00a0 \u00a0 \u00a0 \u00a0 \u00a0 \u00a0 \u00a0 \u00a0 \u00a0 \u00a0 \u00a0 \u00a0 \u00a0 \u00a0 \u00a0 \u00a0 \u00a0 \u00a0 \u00a0 \u00a0 \u00a0 \u00a0 \u00a0 \u00a0 \u00a0\u00a0<\/span><\/p><\/div><\/div>\t\t\t\t\t\t\t\t<\/div>\n\t\t\t\t<\/div>\n\t\t\t\t<\/div>\n\t\t\t\t<\/div>\n\t\t\t\t<\/div>\n\t\t\t\t<\/div>\n\t\t","protected":false},"excerpt":{"rendered":"<p>\u00a0 Mein Name ist Julia Szaal und ich befinde mich in der Ausbildung zur psychosozialen Beraterin unter Superversion (Institut: \u00d6AGG &#8211; \u00d6sterreichischer Arbeitskreis f\u00fcr Gruppentherapie und Gruppendynamik).\u00a0Mein Wunsch ist es, Menschen auf ihrem Weg zu mehr Klarheit, Selbstvertrauen und Wohlbefinden zu begleiten. In meiner Arbeit lege ich gro\u00dfen Wert auf Authentizit\u00e4t und Ehrlichkeit. Ich begegne [&hellip;]<\/p>\n","protected":false},"author":1,"featured_media":0,"parent":0,"menu_order":0,"comment_status":"closed","ping_status":"closed","template":"","meta":{"ocean_post_layout":"","ocean_both_sidebars_style":"","ocean_both_sidebars_content_width":0,"ocean_both_sidebars_sidebars_width":0,"ocean_sidebar":"","ocean_second_sidebar":"","ocean_disable_margins":"enable","ocean_add_body_class":"","ocean_shortcode_before_top_bar":"","ocean_shortcode_after_top_bar":"","ocean_shortcode_before_header":"","ocean_shortcode_after_header":"","ocean_has_shortcode":"","ocean_shortcode_after_title":"","ocean_shortcode_before_footer_widgets":"","ocean_shortcode_after_footer_widgets":"","ocean_shortcode_before_footer_bottom":"","ocean_shortcode_after_footer_bottom":"","ocean_display_top_bar":"default","ocean_display_header":"default","ocean_header_style":"","ocean_center_header_left_menu":"","ocean_custom_header_template":"","ocean_custom_logo":0,"ocean_custom_retina_logo":0,"ocean_custom_logo_max_width":0,"ocean_custom_logo_tablet_max_width":0,"ocean_custom_logo_mobile_max_width":0,"ocean_custom_logo_max_height":0,"ocean_custom_logo_tablet_max_height":0,"ocean_custom_logo_mobile_max_height":0,"ocean_header_custom_menu":"","ocean_menu_typo_font_family":"","ocean_menu_typo_font_subset":"","ocean_menu_typo_font_size":0,"ocean_menu_typo_font_size_tablet":0,"ocean_menu_typo_font_size_mobile":0,"ocean_menu_typo_font_size_unit":"px","ocean_menu_typo_font_weight":"","ocean_menu_typo_font_weight_tablet":"","ocean_menu_typo_font_weight_mobile":"","ocean_menu_typo_transform":"","ocean_menu_typo_transform_tablet":"","ocean_menu_typo_transform_mobile":"","ocean_menu_typo_line_height":0,"ocean_menu_typo_line_height_tablet":0,"ocean_menu_typo_line_height_mobile":0,"ocean_menu_typo_line_height_unit":"","ocean_menu_typo_spacing":0,"ocean_menu_typo_spacing_tablet":0,"ocean_menu_typo_spacing_mobile":0,"ocean_menu_typo_spacing_unit":"","ocean_menu_link_color":"","ocean_menu_link_color_hover":"","ocean_menu_link_color_active":"","ocean_menu_link_background":"","ocean_menu_link_hover_background":"","ocean_menu_link_active_background":"","ocean_menu_social_links_bg":"","ocean_menu_social_hover_links_bg":"","ocean_menu_social_links_color":"","ocean_menu_social_hover_links_color":"","ocean_disable_title":"default","ocean_disable_heading":"default","ocean_post_title":"","ocean_post_subheading":"","ocean_post_title_style":"","ocean_post_title_background_color":"","ocean_post_title_background":0,"ocean_post_title_bg_image_position":"","ocean_post_title_bg_image_attachment":"","ocean_post_title_bg_image_repeat":"","ocean_post_title_bg_image_size":"","ocean_post_title_height":0,"ocean_post_title_bg_overlay":0.5,"ocean_post_title_bg_overlay_color":"","ocean_disable_breadcrumbs":"default","ocean_breadcrumbs_color":"","ocean_breadcrumbs_separator_color":"","ocean_breadcrumbs_links_color":"","ocean_breadcrumbs_links_hover_color":"","ocean_display_footer_widgets":"default","ocean_display_footer_bottom":"default","ocean_custom_footer_template":"","footnotes":""},"class_list":["post-64","page","type-page","status-publish","hentry","entry"],"_links":{"self":[{"href":"https:\/\/juliaszaal.at\/index.php\/wp-json\/wp\/v2\/pages\/64","targetHints":{"allow":["GET"]}}],"collection":[{"href":"https:\/\/juliaszaal.at\/index.php\/wp-json\/wp\/v2\/pages"}],"about":[{"href":"https:\/\/juliaszaal.at\/index.php\/wp-json\/wp\/v2\/types\/page"}],"author":[{"embeddable":true,"href":"https:\/\/juliaszaal.at\/index.php\/wp-json\/wp\/v2\/users\/1"}],"replies":[{"embeddable":true,"href":"https:\/\/juliaszaal.at\/index.php\/wp-json\/wp\/v2\/comments?post=64"}],"version-history":[{"count":94,"href":"https:\/\/juliaszaal.at\/index.php\/wp-json\/wp\/v2\/pages\/64\/revisions"}],"predecessor-version":[{"id":688,"href":"https:\/\/juliaszaal.at\/index.php\/wp-json\/wp\/v2\/pages\/64\/revisions\/688"}],"wp:attachment":[{"href":"https:\/\/juliaszaal.at\/index.php\/wp-json\/wp\/v2\/media?parent=64"}],"curies":[{"name":"wp","href":"https:\/\/api.w.org\/{rel}","templated":true}]}}